{"id":3085,"date":"2025-10-24T16:31:09","date_gmt":"2025-10-24T14:31:09","guid":{"rendered":"https:\/\/www.tusetstudio.com\/shop\/?post_type=product&#038;p=3085"},"modified":"2026-01-08T18:57:41","modified_gmt":"2026-01-08T17:57:41","slug":"aputure-storm-1200x-bicolor","status":"publish","type":"product","link":"https:\/\/www.tusetstudio.com\/shop\/aputure-storm-1200x-bicolor\/","title":{"rendered":"Aputure Storm 1200X Bicolor"},"content":{"rendered":"<p data-start=\"292\" data-end=\"699\">Aputure LS 1200x Pro (Storm 1200x) es uno de los focos LED bicolor m\u00e1s potentes del mercado, pensado para producciones profesionales que requieren un control preciso de la temperatura de color y una salida de luz extrema. Con su tecnolog\u00eda \u00f3ptica avanzada y un rendimiento estable incluso en exteriores, es la opci\u00f3n ideal para cine, publicidad, videoclips, fashion films y rodajes de alto nivel.<\/p>\n<p data-start=\"701\" data-end=\"897\">En nuestro servicio de alquiler de iluminaci\u00f3n en Barcelona, puedes disponer de esta herramienta vers\u00e1til y fiable, acompa\u00f1ada de todos los accesorios necesarios para una producci\u00f3n impecable.<\/p>\n<p data-start=\"701\" data-end=\"897\">Incluye:<\/p>\n<ul>\n<li data-start=\"701\" data-end=\"897\">Luz ST 1200X Pro<\/li>\n<li data-start=\"701\" data-end=\"897\">Balastro<\/li>\n<li data-start=\"701\" data-end=\"897\">Pinza<\/li>\n<li data-start=\"701\" data-end=\"897\">Reflector est\u00e1ndar<\/li>\n<\/ul>\n","protected":false},"excerpt":{"rendered":"<p data-start=\"292\" data-end=\"699\">Aputure LS 1200x Pro (Storm 1200x) es uno de los focos LED bicolor m\u00e1s potentes del mercado, pensado para producciones profesionales que requieren un control preciso de la temperatura de color y una salida de luz extrema. Con su tecnolog\u00eda \u00f3ptica avanzada y un rendimiento estable incluso en exteriores, es la opci\u00f3n ideal para cine, publicidad, videoclips, fashion films y rodajes de alto nivel.<\/p>\n<p data-start=\"701\" data-end=\"897\">En nuestro servicio de alquiler de iluminaci\u00f3n en Barcelona, puedes disponer de esta herramienta vers\u00e1til y fiable, acompa\u00f1ada de todos los accesorios necesarios para una producci\u00f3n impecable.<\/p>\n<p data-start=\"701\" data-end=\"897\">Incluye:<\/p>\n<ul>\n<li data-start=\"701\" data-end=\"897\">Luz ST 1200X Pro<\/li>\n<li data-start=\"701\" data-end=\"897\">Balastro<\/li>\n<li data-start=\"701\" data-end=\"897\">Pinza<\/li>\n<li>Reflector est\u00e1ndar<\/li>\n<\/ul>\n","protected":false},"featured_media":3086,"template":"","meta":{"inline_featured_image":false},"product_brand":[144],"product_cat":[273,25],"product_tag":[],"feature_processor":[],"feature_dimensions":[],"feature_paper-size":[],"feature_output":[],"feature_input":[],"feature_volts":[],"feature_acdc-sai":[],"feature_ports":[],"feature_use":[],"feature_size":[],"feature_ram-memory":[],"feature_max-payload":[],"feature_meters":[],"feature_connector":[],"feature_capacity":[],"feature_support":[],"feature_focus":[],"feature_diameter":[],"feature_focal":[],"feature_mount":[],"feature_resolution":[],"feature_sensor-size-film":[],"feature_max-height":[],"feature_load-capacity":[],"feature_material":[],"feature_part":[],"feature_effect":[618],"feature_color-temperature":[619],"feature_lens":[],"feature_watts":[169],"feature_length":[],"feature_type":[],"class_list":{"0":"post-3085","1":"product","2":"type-product","3":"status-publish","4":"has-post-thumbnail","6":"product_brand-aputure","7":"product_cat-led-sin-categoria","8":"product_cat-light","9":"feature_effect-bicolor","10":"feature_color-temperature-1500-10000k","11":"feature_watts-169","13":"first","14":"instock","15":"shipping-taxable","16":"product-type-simple"},"yoast_head":"<!-- This site is optimized with the Yoast SEO plugin v26.5 - https:\/\/yoast.com\/wordpress\/plugins\/seo\/ -->\n<title>Aputure Storm 1200X Bicolor | Tuset Studio<\/title>\n<meta name=\"description\" content=\"Alquila Aputure 1200x bicolor en Barcelona. Luz potente y vers\u00e1til para cine, publicidad y rodajes profesionales. | Tuset Studio\" \/>\n<meta name=\"robots\" content=\"index, follow, max-snippet:-1, max-image-preview:large, max-video-preview:-1\" \/>\n<link rel=\"canonical\" href=\"https:\/\/www.tusetstudio.com\/shop\/aputure-storm-1200x-bicolor\/\" \/>\n<meta property=\"og:locale\" content=\"es_ES\" \/>\n<meta property=\"og:type\" content=\"article\" \/>\n<meta property=\"og:title\" content=\"Aputure Storm 1200X Bicolor | Tuset Studio\" \/>\n<meta property=\"og:description\" content=\"Alquila Aputure 1200x bicolor en Barcelona. Luz potente y vers\u00e1til para cine, publicidad y rodajes profesionales. | Tuset Studio\" \/>\n<meta property=\"og:url\" content=\"https:\/\/www.tusetstudio.com\/shop\/aputure-storm-1200x-bicolor\/\" \/>\n<meta property=\"og:site_name\" content=\"Tuset Studio\" \/>\n<meta property=\"article:publisher\" content=\"https:\/\/www.facebook.com\/tusetstudio\/\" \/>\n<meta property=\"article:modified_time\" content=\"2026-01-08T17:57:41+00:00\" \/>\n<meta property=\"og:image\" content=\"https:\/\/www.tusetstudio.com\/shop\/wp-content\/uploads\/2025\/10\/aputure-storm1200x-bicolor-v-mount-1200w-set-2802645-03.jpg\" \/>\n\t<meta property=\"og:image:width\" content=\"640\" \/>\n\t<meta property=\"og:image:height\" content=\"640\" \/>\n\t<meta property=\"og:image:type\" content=\"image\/jpeg\" \/>\n<meta name=\"twitter:card\" content=\"summary_large_image\" \/>\n<meta name=\"twitter:label1\" content=\"Tiempo de lectura\" \/>\n\t<meta name=\"twitter:data1\" content=\"1 minuto\" \/>\n<script type=\"application\/ld+json\" class=\"yoast-schema-graph\">{\"@context\":\"https:\/\/schema.org\",\"@graph\":[{\"@type\":\"WebPage\",\"@id\":\"https:\/\/www.tusetstudio.com\/shop\/aputure-storm-1200x-bicolor\/\",\"url\":\"https:\/\/www.tusetstudio.com\/shop\/aputure-storm-1200x-bicolor\/\",\"name\":\"Aputure Storm 1200X Bicolor | Tuset Studio\",\"isPartOf\":{\"@id\":\"https:\/\/www.tusetstudio.com\/shop\/#website\"},\"primaryImageOfPage\":{\"@id\":\"https:\/\/www.tusetstudio.com\/shop\/aputure-storm-1200x-bicolor\/#primaryimage\"},\"image\":{\"@id\":\"https:\/\/www.tusetstudio.com\/shop\/aputure-storm-1200x-bicolor\/#primaryimage\"},\"thumbnailUrl\":\"https:\/\/www.tusetstudio.com\/shop\/wp-content\/uploads\/2025\/10\/aputure-storm1200x-bicolor-v-mount-1200w-set-2802645-03.jpg\",\"datePublished\":\"2025-10-24T14:31:09+00:00\",\"dateModified\":\"2026-01-08T17:57:41+00:00\",\"description\":\"Alquila Aputure 1200x bicolor en Barcelona. Luz potente y vers\u00e1til para cine, publicidad y rodajes profesionales. | Tuset Studio\",\"breadcrumb\":{\"@id\":\"https:\/\/www.tusetstudio.com\/shop\/aputure-storm-1200x-bicolor\/#breadcrumb\"},\"inLanguage\":\"es\",\"potentialAction\":[{\"@type\":\"ReadAction\",\"target\":[\"https:\/\/www.tusetstudio.com\/shop\/aputure-storm-1200x-bicolor\/\"]}]},{\"@type\":\"ImageObject\",\"inLanguage\":\"es\",\"@id\":\"https:\/\/www.tusetstudio.com\/shop\/aputure-storm-1200x-bicolor\/#primaryimage\",\"url\":\"https:\/\/www.tusetstudio.com\/shop\/wp-content\/uploads\/2025\/10\/aputure-storm1200x-bicolor-v-mount-1200w-set-2802645-03.jpg\",\"contentUrl\":\"https:\/\/www.tusetstudio.com\/shop\/wp-content\/uploads\/2025\/10\/aputure-storm1200x-bicolor-v-mount-1200w-set-2802645-03.jpg\",\"width\":640,\"height\":640,\"caption\":\"Aputure_Storm_1200X_Bicolor_Tuset_Studio\"},{\"@type\":\"BreadcrumbList\",\"@id\":\"https:\/\/www.tusetstudio.com\/shop\/aputure-storm-1200x-bicolor\/#breadcrumb\",\"itemListElement\":[{\"@type\":\"ListItem\",\"position\":1,\"name\":\"Shop\",\"item\":\"https:\/\/www.tusetstudio.com\/shop\/\"},{\"@type\":\"ListItem\",\"position\":2,\"name\":\"Light\",\"item\":\"https:\/\/www.tusetstudio.com\/shop\/light\/\"},{\"@type\":\"ListItem\",\"position\":3,\"name\":\"Aputure Storm 1200X Bicolor\"}]},{\"@type\":\"WebSite\",\"@id\":\"https:\/\/www.tusetstudio.com\/shop\/#website\",\"url\":\"https:\/\/www.tusetstudio.com\/shop\/\",\"name\":\"Tuset Studio\",\"description\":\"- Shop\",\"publisher\":{\"@id\":\"https:\/\/www.tusetstudio.com\/shop\/#organization\"},\"potentialAction\":[{\"@type\":\"SearchAction\",\"target\":{\"@type\":\"EntryPoint\",\"urlTemplate\":\"https:\/\/www.tusetstudio.com\/shop\/?s={search_term_string}\"},\"query-input\":{\"@type\":\"PropertyValueSpecification\",\"valueRequired\":true,\"valueName\":\"search_term_string\"}}],\"inLanguage\":\"es\"},{\"@type\":\"Organization\",\"@id\":\"https:\/\/www.tusetstudio.com\/shop\/#organization\",\"name\":\"Tuset Studio\",\"url\":\"https:\/\/www.tusetstudio.com\/shop\/\",\"logo\":{\"@type\":\"ImageObject\",\"inLanguage\":\"es\",\"@id\":\"https:\/\/www.tusetstudio.com\/shop\/#\/schema\/logo\/image\/\",\"url\":\"https:\/\/www.tusetstudio.com\/shop\/wp-content\/uploads\/2025\/02\/logo_header.svg\",\"contentUrl\":\"https:\/\/www.tusetstudio.com\/shop\/wp-content\/uploads\/2025\/02\/logo_header.svg\",\"width\":89,\"height\":125,\"caption\":\"Tuset Studio\"},\"image\":{\"@id\":\"https:\/\/www.tusetstudio.com\/shop\/#\/schema\/logo\/image\/\"},\"sameAs\":[\"https:\/\/www.facebook.com\/tusetstudio\/\",\"https:\/\/www.instagram.com\/tuset_studios\/\",\"https:\/\/www.youtube.com\/channel\/UCNJtEEv3CAvJa5eL2FQj_uQ\",\"https:\/\/www.linkedin.com\/company\/tusetstudio\/\"]}]}<\/script>\n<!-- \/ Yoast SEO plugin. -->","yoast_head_json":{"title":"Aputure Storm 1200X Bicolor | Tuset Studio","description":"Alquila Aputure 1200x bicolor en Barcelona. Luz potente y vers\u00e1til para cine, publicidad y rodajes profesionales. | Tuset Studio","robots":{"index":"index","follow":"follow","max-snippet":"max-snippet:-1","max-image-preview":"max-image-preview:large","max-video-preview":"max-video-preview:-1"},"canonical":"https:\/\/www.tusetstudio.com\/shop\/aputure-storm-1200x-bicolor\/","og_locale":"es_ES","og_type":"article","og_title":"Aputure Storm 1200X Bicolor | Tuset Studio","og_description":"Alquila Aputure 1200x bicolor en Barcelona. Luz potente y vers\u00e1til para cine, publicidad y rodajes profesionales. | Tuset Studio","og_url":"https:\/\/www.tusetstudio.com\/shop\/aputure-storm-1200x-bicolor\/","og_site_name":"Tuset Studio","article_publisher":"https:\/\/www.facebook.com\/tusetstudio\/","article_modified_time":"2026-01-08T17:57:41+00:00","og_image":[{"width":640,"height":640,"url":"https:\/\/www.tusetstudio.com\/shop\/wp-content\/uploads\/2025\/10\/aputure-storm1200x-bicolor-v-mount-1200w-set-2802645-03.jpg","type":"image\/jpeg"}],"twitter_card":"summary_large_image","twitter_misc":{"Tiempo de lectura":"1 minuto"},"schema":{"@context":"https:\/\/schema.org","@graph":[{"@type":"WebPage","@id":"https:\/\/www.tusetstudio.com\/shop\/aputure-storm-1200x-bicolor\/","url":"https:\/\/www.tusetstudio.com\/shop\/aputure-storm-1200x-bicolor\/","name":"Aputure Storm 1200X Bicolor | Tuset Studio","isPartOf":{"@id":"https:\/\/www.tusetstudio.com\/shop\/#website"},"primaryImageOfPage":{"@id":"https:\/\/www.tusetstudio.com\/shop\/aputure-storm-1200x-bicolor\/#primaryimage"},"image":{"@id":"https:\/\/www.tusetstudio.com\/shop\/aputure-storm-1200x-bicolor\/#primaryimage"},"thumbnailUrl":"https:\/\/www.tusetstudio.com\/shop\/wp-content\/uploads\/2025\/10\/aputure-storm1200x-bicolor-v-mount-1200w-set-2802645-03.jpg","datePublished":"2025-10-24T14:31:09+00:00","dateModified":"2026-01-08T17:57:41+00:00","description":"Alquila Aputure 1200x bicolor en Barcelona. Luz potente y vers\u00e1til para cine, publicidad y rodajes profesionales. | Tuset Studio","breadcrumb":{"@id":"https:\/\/www.tusetstudio.com\/shop\/aputure-storm-1200x-bicolor\/#breadcrumb"},"inLanguage":"es","potentialAction":[{"@type":"ReadAction","target":["https:\/\/www.tusetstudio.com\/shop\/aputure-storm-1200x-bicolor\/"]}]},{"@type":"ImageObject","inLanguage":"es","@id":"https:\/\/www.tusetstudio.com\/shop\/aputure-storm-1200x-bicolor\/#primaryimage","url":"https:\/\/www.tusetstudio.com\/shop\/wp-content\/uploads\/2025\/10\/aputure-storm1200x-bicolor-v-mount-1200w-set-2802645-03.jpg","contentUrl":"https:\/\/www.tusetstudio.com\/shop\/wp-content\/uploads\/2025\/10\/aputure-storm1200x-bicolor-v-mount-1200w-set-2802645-03.jpg","width":640,"height":640,"caption":"Aputure_Storm_1200X_Bicolor_Tuset_Studio"},{"@type":"BreadcrumbList","@id":"https:\/\/www.tusetstudio.com\/shop\/aputure-storm-1200x-bicolor\/#breadcrumb","itemListElement":[{"@type":"ListItem","position":1,"name":"Shop","item":"https:\/\/www.tusetstudio.com\/shop\/"},{"@type":"ListItem","position":2,"name":"Light","item":"https:\/\/www.tusetstudio.com\/shop\/light\/"},{"@type":"ListItem","position":3,"name":"Aputure Storm 1200X Bicolor"}]},{"@type":"WebSite","@id":"https:\/\/www.tusetstudio.com\/shop\/#website","url":"https:\/\/www.tusetstudio.com\/shop\/","name":"Tuset Studio","description":"- Shop","publisher":{"@id":"https:\/\/www.tusetstudio.com\/shop\/#organization"},"potentialAction":[{"@type":"SearchAction","target":{"@type":"EntryPoint","urlTemplate":"https:\/\/www.tusetstudio.com\/shop\/?s={search_term_string}"},"query-input":{"@type":"PropertyValueSpecification","valueRequired":true,"valueName":"search_term_string"}}],"inLanguage":"es"},{"@type":"Organization","@id":"https:\/\/www.tusetstudio.com\/shop\/#organization","name":"Tuset Studio","url":"https:\/\/www.tusetstudio.com\/shop\/","logo":{"@type":"ImageObject","inLanguage":"es","@id":"https:\/\/www.tusetstudio.com\/shop\/#\/schema\/logo\/image\/","url":"https:\/\/www.tusetstudio.com\/shop\/wp-content\/uploads\/2025\/02\/logo_header.svg","contentUrl":"https:\/\/www.tusetstudio.com\/shop\/wp-content\/uploads\/2025\/02\/logo_header.svg","width":89,"height":125,"caption":"Tuset Studio"},"image":{"@id":"https:\/\/www.tusetstudio.com\/shop\/#\/schema\/logo\/image\/"},"sameAs":["https:\/\/www.facebook.com\/tusetstudio\/","https:\/\/www.instagram.com\/tuset_studios\/","https:\/\/www.youtube.com\/channel\/UCNJtEEv3CAvJa5eL2FQj_uQ","https:\/\/www.linkedin.com\/company\/tusetstudio\/"]}]}},"_links":{"self":[{"href":"https:\/\/www.tusetstudio.com\/shop\/wp-json\/wp\/v2\/product\/3085","targetHints":{"allow":["GET"]}}],"collection":[{"href":"https:\/\/www.tusetstudio.com\/shop\/wp-json\/wp\/v2\/product"}],"about":[{"href":"https:\/\/www.tusetstudio.com\/shop\/wp-json\/wp\/v2\/types\/product"}],"version-history":[{"count":2,"href":"https:\/\/www.tusetstudio.com\/shop\/wp-json\/wp\/v2\/product\/3085\/revisions"}],"predecessor-version":[{"id":3224,"href":"https:\/\/www.tusetstudio.com\/shop\/wp-json\/wp\/v2\/product\/3085\/revisions\/3224"}],"wp:featuredmedia":[{"embeddable":true,"href":"https:\/\/www.tusetstudio.com\/shop\/wp-json\/wp\/v2\/media\/3086"}],"wp:attachment":[{"href":"https:\/\/www.tusetstudio.com\/shop\/wp-json\/wp\/v2\/media?parent=3085"}],"wp:term":[{"taxonomy":"product_brand","embeddable":true,"href":"https:\/\/www.tusetstudio.com\/shop\/wp-json\/wp\/v2\/product_brand?post=3085"},{"taxonomy":"product_cat","embeddable":true,"href":"https:\/\/www.tusetstudio.com\/shop\/wp-json\/wp\/v2\/product_cat?post=3085"},{"taxonomy":"product_tag","embeddable":true,"href":"https:\/\/www.tusetstudio.com\/shop\/wp-json\/wp\/v2\/product_tag?post=3085"},{"taxonomy":"feature_processor","embeddable":true,"href":"https:\/\/www.tusetstudio.com\/shop\/wp-json\/wp\/v2\/feature_processor?post=3085"},{"taxonomy":"feature_dimensions","embeddable":true,"href":"https:\/\/www.tusetstudio.com\/shop\/wp-json\/wp\/v2\/feature_dimensions?post=3085"},{"taxonomy":"feature_paper-size","embeddable":true,"href":"https:\/\/www.tusetstudio.com\/shop\/wp-json\/wp\/v2\/feature_paper-size?post=3085"},{"taxonomy":"feature_output","embeddable":true,"href":"https:\/\/www.tusetstudio.com\/shop\/wp-json\/wp\/v2\/feature_output?post=3085"},{"taxonomy":"feature_input","embeddable":true,"href":"https:\/\/www.tusetstudio.com\/shop\/wp-json\/wp\/v2\/feature_input?post=3085"},{"taxonomy":"feature_volts","embeddable":true,"href":"https:\/\/www.tusetstudio.com\/shop\/wp-json\/wp\/v2\/feature_volts?post=3085"},{"taxonomy":"feature_acdc-sai","embeddable":true,"href":"https:\/\/www.tusetstudio.com\/shop\/wp-json\/wp\/v2\/feature_acdc-sai?post=3085"},{"taxonomy":"feature_ports","embeddable":true,"href":"https:\/\/www.tusetstudio.com\/shop\/wp-json\/wp\/v2\/feature_ports?post=3085"},{"taxonomy":"feature_use","embeddable":true,"href":"https:\/\/www.tusetstudio.com\/shop\/wp-json\/wp\/v2\/feature_use?post=3085"},{"taxonomy":"feature_size","embeddable":true,"href":"https:\/\/www.tusetstudio.com\/shop\/wp-json\/wp\/v2\/feature_size?post=3085"},{"taxonomy":"feature_ram-memory","embeddable":true,"href":"https:\/\/www.tusetstudio.com\/shop\/wp-json\/wp\/v2\/feature_ram-memory?post=3085"},{"taxonomy":"feature_max-payload","embeddable":true,"href":"https:\/\/www.tusetstudio.com\/shop\/wp-json\/wp\/v2\/feature_max-payload?post=3085"},{"taxonomy":"feature_meters","embeddable":true,"href":"https:\/\/www.tusetstudio.com\/shop\/wp-json\/wp\/v2\/feature_meters?post=3085"},{"taxonomy":"feature_connector","embeddable":true,"href":"https:\/\/www.tusetstudio.com\/shop\/wp-json\/wp\/v2\/feature_connector?post=3085"},{"taxonomy":"feature_capacity","embeddable":true,"href":"https:\/\/www.tusetstudio.com\/shop\/wp-json\/wp\/v2\/feature_capacity?post=3085"},{"taxonomy":"feature_support","embeddable":true,"href":"https:\/\/www.tusetstudio.com\/shop\/wp-json\/wp\/v2\/feature_support?post=3085"},{"taxonomy":"feature_focus","embeddable":true,"href":"https:\/\/www.tusetstudio.com\/shop\/wp-json\/wp\/v2\/feature_focus?post=3085"},{"taxonomy":"feature_diameter","embeddable":true,"href":"https:\/\/www.tusetstudio.com\/shop\/wp-json\/wp\/v2\/feature_diameter?post=3085"},{"taxonomy":"feature_focal","embeddable":true,"href":"https:\/\/www.tusetstudio.com\/shop\/wp-json\/wp\/v2\/feature_focal?post=3085"},{"taxonomy":"feature_mount","embeddable":true,"href":"https:\/\/www.tusetstudio.com\/shop\/wp-json\/wp\/v2\/feature_mount?post=3085"},{"taxonomy":"feature_resolution","embeddable":true,"href":"https:\/\/www.tusetstudio.com\/shop\/wp-json\/wp\/v2\/feature_resolution?post=3085"},{"taxonomy":"feature_sensor-size-film","embeddable":true,"href":"https:\/\/www.tusetstudio.com\/shop\/wp-json\/wp\/v2\/feature_sensor-size-film?post=3085"},{"taxonomy":"feature_max-height","embeddable":true,"href":"https:\/\/www.tusetstudio.com\/shop\/wp-json\/wp\/v2\/feature_max-height?post=3085"},{"taxonomy":"feature_load-capacity","embeddable":true,"href":"https:\/\/www.tusetstudio.com\/shop\/wp-json\/wp\/v2\/feature_load-capacity?post=3085"},{"taxonomy":"feature_material","embeddable":true,"href":"https:\/\/www.tusetstudio.com\/shop\/wp-json\/wp\/v2\/feature_material?post=3085"},{"taxonomy":"feature_part","embeddable":true,"href":"https:\/\/www.tusetstudio.com\/shop\/wp-json\/wp\/v2\/feature_part?post=3085"},{"taxonomy":"feature_effect","embeddable":true,"href":"https:\/\/www.tusetstudio.com\/shop\/wp-json\/wp\/v2\/feature_effect?post=3085"},{"taxonomy":"feature_color-temperature","embeddable":true,"href":"https:\/\/www.tusetstudio.com\/shop\/wp-json\/wp\/v2\/feature_color-temperature?post=3085"},{"taxonomy":"feature_lens","embeddable":true,"href":"https:\/\/www.tusetstudio.com\/shop\/wp-json\/wp\/v2\/feature_lens?post=3085"},{"taxonomy":"feature_watts","embeddable":true,"href":"https:\/\/www.tusetstudio.com\/shop\/wp-json\/wp\/v2\/feature_watts?post=3085"},{"taxonomy":"feature_length","embeddable":true,"href":"https:\/\/www.tusetstudio.com\/shop\/wp-json\/wp\/v2\/feature_length?post=3085"},{"taxonomy":"feature_type","embeddable":true,"href":"https:\/\/www.tusetstudio.com\/shop\/wp-json\/wp\/v2\/feature_type?post=3085"}],"curies":[{"name":"wp","href":"https:\/\/api.w.org\/{rel}","templated":true}]}}