{"id":304,"date":"2025-03-10T19:51:32","date_gmt":"2025-03-10T19:51:32","guid":{"rendered":"https:\/\/www.tusetstudio.com\/shop\/request-quote\/"},"modified":"2025-04-08T09:59:00","modified_gmt":"2025-04-08T07:59:00","slug":"solicitar-presupuesto","status":"publish","type":"page","link":"https:\/\/www.tusetstudio.com\/shop\/solicitar-presupuesto\/","title":{"rendered":"Presupuesto"},"content":{"rendered":"\t\t<div data-elementor-type=\"wp-page\" data-elementor-id=\"304\" class=\"elementor elementor-304\" data-elementor-post-type=\"page\">\n\t\t\t\t<div class=\"elementor-element elementor-element-75bc332e e-flex e-con-boxed e-con e-parent\" data-id=\"75bc332e\" data-element_type=\"container\">\n\t\t\t\t\t<div class=\"e-con-inner\">\n\t\t\t\t<div class=\"elementor-element elementor-element-609b4b7d elementor-widget elementor-widget-text-editor\" data-id=\"609b4b7d\" data-element_type=\"widget\" data-widget_type=\"text-editor.default\">\n\t\t\t\t<div class=\"elementor-widget-container\">\n\t\t\t\t\t\t\t\t\t\n<div class=\"woocommerce ywraq-wrapper ywraq-empty\">\n\t\t\t<div id=\"yith-ywraq-message\"><div class=\"ywraq-question-message\">\n\t<\/div>\n<\/div>\n\t\t\n\t\t\t\t<div class=\"ywraq-form-table-wrapper vertical\">\n\t\t\t<div class=\"ywraq-before-form\">\n\t<p class=\"ywraq_list_empty_message\">Tu lista est\u00e1 vac\u00eda, a\u00f1ade productos a la lista para enviar una solicitud<p><p class=\"return-to-shop\"><a class=\"button wc-backward\" href=\"https:\/\/www.tusetstudio.com\/shop\/\">Volver<\/a><\/p><\/div>\n\t\t\t\t\t<\/div>\n\t<\/div>\n\t\t\t\t\t\t\t\t<\/div>\n\t\t\t\t<\/div>\n\t\t\t\t<div class=\"elementor-element elementor-element-c547f2f elementor-widget elementor-widget-text-editor\" data-id=\"c547f2f\" data-element_type=\"widget\" data-widget_type=\"text-editor.default\">\n\t\t\t\t<div class=\"elementor-widget-container\">\n\t\t\t\t\t\t\t\t\t<p>Si hay alg\u00fan tipo de urgencia o requieres alguna comunicaci\u00f3n especial con nuestro equipo nos puedes contactar a <a href=\"mailto:equipment@tusetstudio.com\">equipment@tusetstudio.com<\/a><\/p>\t\t\t\t\t\t\t\t<\/div>\n\t\t\t\t<\/div>\n\t\t\t\t\t<\/div>\n\t\t\t\t<\/div>\n\t\t\t\t<\/div>\n\t\t","protected":false},"excerpt":{"rendered":"<p>Si hay alg\u00fan tipo de urgencia o requieres alguna comunicaci\u00f3n especial con nuestro equipo nos puedes contactar a equipment@tusetstudio.com<\/p>\n","protected":false},"author":1,"featured_media":0,"parent":0,"menu_order":3,"comment_status":"closed","ping_status":"closed","template":"","meta":{"inline_featured_image":false,"footnotes":""},"class_list":["post-304","page","type-page","status-publish","hentry"],"yoast_head":"<!-- This site is optimized with the Yoast SEO plugin v26.5 - https:\/\/yoast.com\/wordpress\/plugins\/seo\/ -->\n<title>Presupuesto | Tuset Studio<\/title>\n<meta name=\"robots\" content=\"index, follow, max-snippet:-1, max-image-preview:large, max-video-preview:-1\" \/>\n<link rel=\"canonical\" href=\"https:\/\/www.tusetstudio.com\/shop\/solicitar-presupuesto\/\" \/>\n<meta property=\"og:locale\" content=\"es_ES\" \/>\n<meta property=\"og:type\" content=\"article\" \/>\n<meta property=\"og:title\" content=\"Presupuesto | Tuset Studio\" \/>\n<meta property=\"og:description\" content=\"Si hay alg\u00fan tipo de urgencia o requieres alguna comunicaci\u00f3n especial con nuestro equipo nos puedes contactar a equipment@tusetstudio.com\" \/>\n<meta property=\"og:url\" content=\"https:\/\/www.tusetstudio.com\/shop\/solicitar-presupuesto\/\" \/>\n<meta property=\"og:site_name\" content=\"Tuset Studio\" \/>\n<meta property=\"article:publisher\" content=\"https:\/\/www.facebook.com\/tusetstudio\/\" \/>\n<meta property=\"article:modified_time\" content=\"2025-04-08T07:59:00+00:00\" \/>\n<meta name=\"twitter:card\" content=\"summary_large_image\" \/>\n<meta name=\"twitter:label1\" content=\"Tiempo de lectura\" \/>\n\t<meta name=\"twitter:data1\" content=\"1 minuto\" \/>\n<script type=\"application\/ld+json\" class=\"yoast-schema-graph\">{\"@context\":\"https:\/\/schema.org\",\"@graph\":[{\"@type\":\"WebPage\",\"@id\":\"https:\/\/www.tusetstudio.com\/shop\/solicitar-presupuesto\/\",\"url\":\"https:\/\/www.tusetstudio.com\/shop\/solicitar-presupuesto\/\",\"name\":\"Presupuesto | Tuset Studio\",\"isPartOf\":{\"@id\":\"https:\/\/www.tusetstudio.com\/shop\/#website\"},\"datePublished\":\"2025-03-10T19:51:32+00:00\",\"dateModified\":\"2025-04-08T07:59:00+00:00\",\"breadcrumb\":{\"@id\":\"https:\/\/www.tusetstudio.com\/shop\/solicitar-presupuesto\/#breadcrumb\"},\"inLanguage\":\"es\",\"potentialAction\":[{\"@type\":\"ReadAction\",\"target\":[\"https:\/\/www.tusetstudio.com\/shop\/solicitar-presupuesto\/\"]}]},{\"@type\":\"BreadcrumbList\",\"@id\":\"https:\/\/www.tusetstudio.com\/shop\/solicitar-presupuesto\/#breadcrumb\",\"itemListElement\":[{\"@type\":\"ListItem\",\"position\":1,\"name\":\"Shop\",\"item\":\"https:\/\/www.tusetstudio.com\/shop\/\"},{\"@type\":\"ListItem\",\"position\":2,\"name\":\"Presupuesto\"}]},{\"@type\":\"WebSite\",\"@id\":\"https:\/\/www.tusetstudio.com\/shop\/#website\",\"url\":\"https:\/\/www.tusetstudio.com\/shop\/\",\"name\":\"Tuset Studio\",\"description\":\"- Shop\",\"publisher\":{\"@id\":\"https:\/\/www.tusetstudio.com\/shop\/#organization\"},\"potentialAction\":[{\"@type\":\"SearchAction\",\"target\":{\"@type\":\"EntryPoint\",\"urlTemplate\":\"https:\/\/www.tusetstudio.com\/shop\/?s={search_term_string}\"},\"query-input\":{\"@type\":\"PropertyValueSpecification\",\"valueRequired\":true,\"valueName\":\"search_term_string\"}}],\"inLanguage\":\"es\"},{\"@type\":\"Organization\",\"@id\":\"https:\/\/www.tusetstudio.com\/shop\/#organization\",\"name\":\"Tuset Studio\",\"url\":\"https:\/\/www.tusetstudio.com\/shop\/\",\"logo\":{\"@type\":\"ImageObject\",\"inLanguage\":\"es\",\"@id\":\"https:\/\/www.tusetstudio.com\/shop\/#\/schema\/logo\/image\/\",\"url\":\"https:\/\/www.tusetstudio.com\/shop\/wp-content\/uploads\/2025\/02\/logo_header.svg\",\"contentUrl\":\"https:\/\/www.tusetstudio.com\/shop\/wp-content\/uploads\/2025\/02\/logo_header.svg\",\"width\":89,\"height\":125,\"caption\":\"Tuset Studio\"},\"image\":{\"@id\":\"https:\/\/www.tusetstudio.com\/shop\/#\/schema\/logo\/image\/\"},\"sameAs\":[\"https:\/\/www.facebook.com\/tusetstudio\/\",\"https:\/\/www.instagram.com\/tuset_studios\/\",\"https:\/\/www.youtube.com\/channel\/UCNJtEEv3CAvJa5eL2FQj_uQ\",\"https:\/\/www.linkedin.com\/company\/tusetstudio\/\"]}]}<\/script>\n<!-- \/ Yoast SEO plugin. -->","yoast_head_json":{"title":"Presupuesto | Tuset Studio","robots":{"index":"index","follow":"follow","max-snippet":"max-snippet:-1","max-image-preview":"max-image-preview:large","max-video-preview":"max-video-preview:-1"},"canonical":"https:\/\/www.tusetstudio.com\/shop\/solicitar-presupuesto\/","og_locale":"es_ES","og_type":"article","og_title":"Presupuesto | Tuset Studio","og_description":"Si hay alg\u00fan tipo de urgencia o requieres alguna comunicaci\u00f3n especial con nuestro equipo nos puedes contactar a equipment@tusetstudio.com","og_url":"https:\/\/www.tusetstudio.com\/shop\/solicitar-presupuesto\/","og_site_name":"Tuset Studio","article_publisher":"https:\/\/www.facebook.com\/tusetstudio\/","article_modified_time":"2025-04-08T07:59:00+00:00","twitter_card":"summary_large_image","twitter_misc":{"Tiempo de lectura":"1 minuto"},"schema":{"@context":"https:\/\/schema.org","@graph":[{"@type":"WebPage","@id":"https:\/\/www.tusetstudio.com\/shop\/solicitar-presupuesto\/","url":"https:\/\/www.tusetstudio.com\/shop\/solicitar-presupuesto\/","name":"Presupuesto | Tuset Studio","isPartOf":{"@id":"https:\/\/www.tusetstudio.com\/shop\/#website"},"datePublished":"2025-03-10T19:51:32+00:00","dateModified":"2025-04-08T07:59:00+00:00","breadcrumb":{"@id":"https:\/\/www.tusetstudio.com\/shop\/solicitar-presupuesto\/#breadcrumb"},"inLanguage":"es","potentialAction":[{"@type":"ReadAction","target":["https:\/\/www.tusetstudio.com\/shop\/solicitar-presupuesto\/"]}]},{"@type":"BreadcrumbList","@id":"https:\/\/www.tusetstudio.com\/shop\/solicitar-presupuesto\/#breadcrumb","itemListElement":[{"@type":"ListItem","position":1,"name":"Shop","item":"https:\/\/www.tusetstudio.com\/shop\/"},{"@type":"ListItem","position":2,"name":"Presupuesto"}]},{"@type":"WebSite","@id":"https:\/\/www.tusetstudio.com\/shop\/#website","url":"https:\/\/www.tusetstudio.com\/shop\/","name":"Tuset Studio","description":"- Shop","publisher":{"@id":"https:\/\/www.tusetstudio.com\/shop\/#organization"},"potentialAction":[{"@type":"SearchAction","target":{"@type":"EntryPoint","urlTemplate":"https:\/\/www.tusetstudio.com\/shop\/?s={search_term_string}"},"query-input":{"@type":"PropertyValueSpecification","valueRequired":true,"valueName":"search_term_string"}}],"inLanguage":"es"},{"@type":"Organization","@id":"https:\/\/www.tusetstudio.com\/shop\/#organization","name":"Tuset Studio","url":"https:\/\/www.tusetstudio.com\/shop\/","logo":{"@type":"ImageObject","inLanguage":"es","@id":"https:\/\/www.tusetstudio.com\/shop\/#\/schema\/logo\/image\/","url":"https:\/\/www.tusetstudio.com\/shop\/wp-content\/uploads\/2025\/02\/logo_header.svg","contentUrl":"https:\/\/www.tusetstudio.com\/shop\/wp-content\/uploads\/2025\/02\/logo_header.svg","width":89,"height":125,"caption":"Tuset Studio"},"image":{"@id":"https:\/\/www.tusetstudio.com\/shop\/#\/schema\/logo\/image\/"},"sameAs":["https:\/\/www.facebook.com\/tusetstudio\/","https:\/\/www.instagram.com\/tuset_studios\/","https:\/\/www.youtube.com\/channel\/UCNJtEEv3CAvJa5eL2FQj_uQ","https:\/\/www.linkedin.com\/company\/tusetstudio\/"]}]}},"_links":{"self":[{"href":"https:\/\/www.tusetstudio.com\/shop\/wp-json\/wp\/v2\/pages\/304","targetHints":{"allow":["GET"]}}],"collection":[{"href":"https:\/\/www.tusetstudio.com\/shop\/wp-json\/wp\/v2\/pages"}],"about":[{"href":"https:\/\/www.tusetstudio.com\/shop\/wp-json\/wp\/v2\/types\/page"}],"author":[{"embeddable":true,"href":"https:\/\/www.tusetstudio.com\/shop\/wp-json\/wp\/v2\/users\/1"}],"replies":[{"embeddable":true,"href":"https:\/\/www.tusetstudio.com\/shop\/wp-json\/wp\/v2\/comments?post=304"}],"version-history":[{"count":67,"href":"https:\/\/www.tusetstudio.com\/shop\/wp-json\/wp\/v2\/pages\/304\/revisions"}],"predecessor-version":[{"id":2179,"href":"https:\/\/www.tusetstudio.com\/shop\/wp-json\/wp\/v2\/pages\/304\/revisions\/2179"}],"wp:attachment":[{"href":"https:\/\/www.tusetstudio.com\/shop\/wp-json\/wp\/v2\/media?parent=304"}],"curies":[{"name":"wp","href":"https:\/\/api.w.org\/{rel}","templated":true}]}}